{"id":16749,"date":"2025-02-19T11:26:49","date_gmt":"2025-02-19T10:26:49","guid":{"rendered":"https:\/\/svenskhastrehab.se\/vattentraning\/"},"modified":"2026-01-21T15:43:11","modified_gmt":"2026-01-21T14:43:11","slug":"hydrotherapy","status":"publish","type":"page","link":"https:\/\/svenskhastrehab.se\/en\/hydrotherapy\/","title":{"rendered":"Hydrotherapy"},"content":{"rendered":"<p>[et_pb_section fb_built=&#8221;1&#8243; fullwidth=&#8221;on&#8221; _builder_version=&#8221;4.27.4&#8243; _module_preset=&#8221;default&#8221; global_colors_info=&#8221;{}&#8221;][et_pb_fullwidth_slider _builder_version=&#8221;4.27.5&#8243; _module_preset=&#8221;default&#8221; background_image=&#8221;https:\/\/svenskhastrehab.se\/wp-content\/uploads\/2025\/02\/BILDSPEL-EBB.jpg&#8221; hover_enabled=&#8221;0&#8243; global_colors_info=&#8221;{}&#8221; height_last_edited=&#8221;on|phone&#8221; height=&#8221;650px&#8221; max_height=&#8221;650px&#8221; sticky_enabled=&#8221;0&#8243; height_tablet=&#8221;500px&#8221; height_phone=&#8221;300px&#8221;][et_pb_slide _builder_version=&#8221;4.27.4&#8243; _module_preset=&#8221;default&#8221; background_enable_image=&#8221;off&#8221; background_video_mp4=&#8221;https:\/\/svenskhastrehab.se\/wp-content\/uploads\/2025\/03\/Vattenband.mp4&#8243; background_enable_video_mp4=&#8221;on&#8221; global_colors_info=&#8221;{}&#8221; sticky_transition=&#8221;on&#8221;][\/et_pb_slide][\/et_pb_fullwidth_slider][\/et_pb_section][et_pb_section fb_built=&#8221;1&#8243; admin_label=&#8221;section&#8221; _builder_version=&#8221;4.16&#8243; global_colors_info=&#8221;{}&#8221;][et_pb_row column_structure=&#8221;2_3,1_3&#8243; admin_label=&#8221;row&#8221; _builder_version=&#8221;4.16&#8243; background_size=&#8221;initial&#8221; background_position=&#8221;top_left&#8221; background_repeat=&#8221;repeat&#8221; custom_padding=&#8221;5px|||||&#8221; global_colors_info=&#8221;{}&#8221;][et_pb_column type=&#8221;2_3&#8243; _builder_version=&#8221;4.16&#8243; custom_padding=&#8221;|||&#8221; global_colors_info=&#8221;{}&#8221; custom_padding__hover=&#8221;|||&#8221;][et_pb_text content_tablet=&#8221;<\/p>\n<h3>Experience the benefits of hydrotherapy!<\/h3>\n<p>Hydrotherapy is an outstanding method to improve your horse\u2019s stability, balance, strength, mobility, and posture \u2013 all at once, and in a gentle way. The natural resistance and buoyancy of the water makes the training unique and effective while providing low impact on the back, joints, and tendons.<\/p>\n<p>The training is tailored to horses of all sizes, ages, and levels, whether you want to enhance performance or rehabilitate after an injury and the results speaks for itself.<\/p>\n<\/p>\n<p>&#8221; content_phone=&#8221;<\/p>\n<h3>Experience the benefits of hydrotherapy!<\/h3>\n<p>Hydrotherapy is an outstanding method to improve your horse\u2019s stability, balance, strength, mobility, and posture \u2013 all at once, and in a gentle way. The natural resistance and buoyancy of the water makes the training unique and effective while providing low impact on the back, joints, and tendons.<\/p>\n<p>The training is tailored to horses of all sizes, ages, and levels, whether you want to enhance performance or rehabilitate after an injury and the results speaks for itself.<\/p>\n<\/p>\n<p>&#8221; content_last_edited=&#8221;on|tablet&#8221; _builder_version=&#8221;4.27.4&#8243; header_3_font=&#8221;&#8211;et_global_heading_font||||||||&#8221; header_3_text_color=&#8221;#5f7f94&#8243; header_3_font_size=&#8221;24px&#8221; header_3_line_height=&#8221;1.1em&#8221; header_4_font=&#8221;&#8211;et_global_heading_font||||||||&#8221; header_4_text_color=&#8221;#5f7f94&#8243; background_size=&#8221;initial&#8221; background_position=&#8221;top_left&#8221; background_repeat=&#8221;repeat&#8221; min_height=&#8221;323px&#8221; custom_margin=&#8221;16px|||||&#8221; custom_padding=&#8221;||0px|||&#8221; header_3_font_tablet=&#8221;&#8211;et_global_heading_font||||||||&#8221; header_3_font_phone=&#8221;&#8211;et_global_heading_font||||||||&#8221; header_3_font_last_edited=&#8221;on|phone&#8221; header_3_font_size_tablet=&#8221;24px&#8221; header_3_font_size_phone=&#8221;24px&#8221; header_3_font_size_last_edited=&#8221;on|phone&#8221; header_4_font_size_tablet=&#8221;&#8221; header_4_font_size_phone=&#8221;&#8221; header_4_font_size_last_edited=&#8221;on|phone&#8221; z_index_tablet=&#8221;500&#8243; use_border_color=&#8221;off&#8221; global_colors_info=&#8221;{}&#8221;]<\/p>\n<h3>Experience the benefits of hydrotherapy!<\/h3>\n<p>Hydrotherapy is an outstanding method to improve your horse\u2019s stability, balance, strength, mobility, and posture \u2013 all at once, and in a gentle way. The natural resistance and buoyancy of the water makes the training unique and effective while providing low impact on the back, joints, and tendons.<\/p>\n<p>The training is tailored to horses of all sizes, ages, and levels, whether you want to enhance performance or rehabilitate after an injury and the results speaks for itself.<\/p>\n<p>&nbsp;<\/p>\n<p>[\/et_pb_text][\/et_pb_column][et_pb_column type=&#8221;1_3&#8243; _builder_version=&#8221;4.16&#8243; custom_padding=&#8221;|||&#8221; global_colors_info=&#8221;{}&#8221; custom_padding__hover=&#8221;|||&#8221;][et_pb_image src=&#8221;https:\/\/svenskhastrehab.se\/wp-content\/uploads\/2021\/04\/KLINIK4-WEB-NY-21.jpg&#8221; title_text=&#8221;KLINIK4 WEB NY 21&#8243; align_tablet=&#8221;center&#8221; align_phone=&#8221;center&#8221; align_last_edited=&#8221;on|desktop&#8221; _builder_version=&#8221;4.27.4&#8243; z_index_tablet=&#8221;500&#8243; global_colors_info=&#8221;{}&#8221;][\/et_pb_image][et_pb_button button_url=&#8221;https:\/\/www.bokadirekt.se\/places\/svensk-hastrehab-31129&#8243; button_text=&#8221;BOOK HYDROTHERAPY&#8221; button_alignment=&#8221;center&#8221; _builder_version=&#8221;4.27.4&#8243; _module_preset=&#8221;default&#8221; global_colors_info=&#8221;{}&#8221;][\/et_pb_button][\/et_pb_column][\/et_pb_row][\/et_pb_section]<\/p>\n","protected":false},"excerpt":{"rendered":"<p>Experience the benefits of hydrotherapy! Hydrotherapy is an outstanding method to improve your horse\u2019s stability, balance, strength, mobility, and posture \u2013 all at once, and in a gentle way. The natural resistance and buoyancy of the water makes the training unique and effective while providing low impact on the back, joints, and tendons. The training [&hellip;]<\/p>\n","protected":false},"author":1,"featured_media":0,"parent":0,"menu_order":0,"comment_status":"closed","ping_status":"closed","template":"","meta":{"_et_pb_use_builder":"on","_et_pb_old_content":"<p><img class=\"alignnone size-full wp-image-3253\" src=\"https:\/\/svenskhastrehab.se\/wp-content\/uploads\/2016\/10\/Equibodybalance.jpg\" alt=\"equibodybalance\" width=\"913\" height=\"321\" \/><\/p><p><em>Equibodybalance<\/em> kan liknas vid sjukgymnastik eller arbetsterapi och \u00e4r metoden vi anv\u00e4nder f\u00f6r att b\u00e5de utv\u00e4rdera och behandla h\u00e4sten i r\u00f6relse. Det \u00e4r ett m\u00e5ngsidigt verktyg och man f\u00e5r p\u00e5 kort tid m\u00e4ngder med information om h\u00e4stens balans, biomekanik, r\u00f6relsebegr\u00e4nsningar och vilka omr\u00e5den som l\u00f6per risk f\u00f6r skador. Med metoden, oftast tillsammans med <a href=\"http:\/\/svenskhastrehab.se\/equiband\/\"><em>Equiband,<\/em><\/a> hj\u00e4lper vi h\u00e4sten med ovanst\u00e5ende problematik och eliminerar risker som kan f\u00f6rs\u00e4mra h\u00e5llbarhet och prestation.<\/p><p>Metoden l\u00e4rs \u00e4ven ut via privatlektion, clinic eller workshop till h\u00e4st\u00e4gare som vill hj\u00e4lpa sin h\u00e4st med rehab eller i f\u00f6rebyggande syfte. L\u00e4s mer h\u00e4r.<\/p>","_et_gb_content_width":"","footnotes":""},"class_list":["post-16749","page","type-page","status-publish","hentry"],"_links":{"self":[{"href":"https:\/\/svenskhastrehab.se\/en\/wp-json\/wp\/v2\/pages\/16749","targetHints":{"allow":["GET"]}}],"collection":[{"href":"https:\/\/svenskhastrehab.se\/en\/wp-json\/wp\/v2\/pages"}],"about":[{"href":"https:\/\/svenskhastrehab.se\/en\/wp-json\/wp\/v2\/types\/page"}],"author":[{"embeddable":true,"href":"https:\/\/svenskhastrehab.se\/en\/wp-json\/wp\/v2\/users\/1"}],"replies":[{"embeddable":true,"href":"https:\/\/svenskhastrehab.se\/en\/wp-json\/wp\/v2\/comments?post=16749"}],"version-history":[{"count":9,"href":"https:\/\/svenskhastrehab.se\/en\/wp-json\/wp\/v2\/pages\/16749\/revisions"}],"predecessor-version":[{"id":18597,"href":"https:\/\/svenskhastrehab.se\/en\/wp-json\/wp\/v2\/pages\/16749\/revisions\/18597"}],"wp:attachment":[{"href":"https:\/\/svenskhastrehab.se\/en\/wp-json\/wp\/v2\/media?parent=16749"}],"curies":[{"name":"wp","href":"https:\/\/api.w.org\/{rel}","templated":true}]}}