{"id":16813,"date":"2025-02-19T11:46:41","date_gmt":"2025-02-19T10:46:41","guid":{"rendered":"https:\/\/svenskhastrehab.se\/balansplattor\/"},"modified":"2026-01-21T15:40:54","modified_gmt":"2026-01-21T14:40:54","slug":"balancepads","status":"publish","type":"page","link":"https:\/\/svenskhastrehab.se\/en\/balancepads\/","title":{"rendered":"Equine Balance Pads"},"content":{"rendered":"<p>[et_pb_section fb_built=&#8221;1&#8243; fullwidth=&#8221;on&#8221; _builder_version=&#8221;4.27.4&#8243; _module_preset=&#8221;default&#8221; global_colors_info=&#8221;{}&#8221;][et_pb_fullwidth_slider _builder_version=&#8221;4.27.5&#8243; _module_preset=&#8221;default&#8221; background_image=&#8221;https:\/\/svenskhastrehab.se\/wp-content\/uploads\/2025\/02\/PADDAR.jpg&#8221; hover_enabled=&#8221;0&#8243; global_colors_info=&#8221;{}&#8221; sticky_enabled=&#8221;0&#8243; height_last_edited=&#8221;on|phone&#8221; height=&#8221;650px&#8221; max_height=&#8221;650px&#8221; height_tablet=&#8221;500px&#8221; height_phone=&#8221;300px&#8221;][et_pb_slide _builder_version=&#8221;4.27.4&#8243; _module_preset=&#8221;default&#8221; background_image=&#8221;https:\/\/svenskhastrehab.se\/wp-content\/uploads\/2025\/02\/PADDAR.jpg&#8221; background_enable_image=&#8221;on&#8221; global_colors_info=&#8221;{}&#8221; sticky_transition=&#8221;on&#8221;][\/et_pb_slide][\/et_pb_fullwidth_slider][\/et_pb_section][et_pb_section fb_built=&#8221;1&#8243; admin_label=&#8221;section&#8221; _builder_version=&#8221;4.16&#8243; custom_padding=&#8221;38px|||||&#8221; global_colors_info=&#8221;{}&#8221;][et_pb_row admin_label=&#8221;row&#8221; _builder_version=&#8221;4.27.4&#8243; background_size=&#8221;initial&#8221; background_position=&#8221;top_left&#8221; background_repeat=&#8221;repeat&#8221; custom_margin=&#8221;-27px|auto||auto||&#8221; global_colors_info=&#8221;{}&#8221;][et_pb_column type=&#8221;4_4&#8243; _builder_version=&#8221;4.16&#8243; custom_padding=&#8221;|||&#8221; global_colors_info=&#8221;{}&#8221; custom_padding__hover=&#8221;|||&#8221;][et_pb_text content_tablet=&#8221;<\/p>\n<h3>Equine Balance Pads &#8211; Made in Sweden!<\/h3>\n<div>\n<p><span lang=%22EN-GB%22>The knowledge and use of balance pads have been steadily increasing over the years, and veterinarians and therapists all over the world are recommending them in combination with exercises for both prehab and rehab.<\/span><\/p>\n<p><span lang=%22EN-GB%22><\/span><\/p>\n<\/div>\n<div>\n<p><span lang=%22EN-GB%22>When we place the horse on the pads, we activate small, important stabilizing tissues and muscle groups that are crucial for the horse&#8217;s over all stability, balance, and sustainability. Together with the exercises in the Equibodybalance app, you have a complete setup to help your horse.<\/span><\/p>\n<\/div>\n<div>\n<p><span lang=%22EN-GB%22><\/span><\/p>\n<p><span lang=%22EN-GB%22>The balance pads are carefully developed in their material, they are eco friendly, and they are made in Sweden.<\/span><\/p>\n<\/div>\n<p style=%22font-weight: 400;%22>\n<p style=%22font-weight: 400;%22>\n<p>&#8221; content_phone=&#8221;<\/p>\n<h3>Equine Balance Pads &#8211; Made in Sweden!<\/h3>\n<div>\n<p><span lang=%22EN-GB%22>The knowledge and use of balance pads have been steadily increasing over the years, and veterinarians and therapists all over the world are recommending them in combination with exercises for both prehab and rehab.<\/span><\/p>\n<p><span lang=%22EN-GB%22><\/span><\/p>\n<\/div>\n<div>\n<p><span lang=%22EN-GB%22>When we place the horse on the pads, we activate small, important stabilizing tissues and muscle groups that are crucial for the horse&#8217;s over all stability, balance, and sustainability. Together with the exercises in the Equibodybalance app, you have a complete setup to help your horse.<\/span><\/p>\n<p><span lang=%22EN-GB%22><\/span><\/p>\n<\/div>\n<div>\n<p><span lang=%22EN-GB%22>The balance pads are carefully developed in their material, they are eco friendly, and they are made in Sweden.<\/span><\/p>\n<\/div>\n<p style=%22font-weight: 400;%22>\n<p style=%22font-weight: 400;%22>\n<p>&#8221; content_last_edited=&#8221;on|phone&#8221; _builder_version=&#8221;4.27.4&#8243; header_3_text_color=&#8221;#5f7f94&#8243; header_3_line_height=&#8221;1.1em&#8221; background_size=&#8221;initial&#8221; background_position=&#8221;top_left&#8221; background_repeat=&#8221;repeat&#8221; custom_margin=&#8221;9px|||||&#8221; custom_padding=&#8221;9px|||||&#8221; header_3_font_size_tablet=&#8221;&#8221; header_3_font_size_phone=&#8221;23px&#8221; header_3_font_size_last_edited=&#8221;on|phone&#8221; z_index_tablet=&#8221;500&#8243; box_shadow_horizontal_tablet=&#8221;0px&#8221; box_shadow_vertical_tablet=&#8221;0px&#8221; box_shadow_blur_tablet=&#8221;40px&#8221; box_shadow_spread_tablet=&#8221;0px&#8221; use_border_color=&#8221;off&#8221; global_colors_info=&#8221;{}&#8221;]<\/p>\n<h3>Equine Balance Pads &#8211; Made in Sweden!<\/h3>\n<div>\n<p><span lang=\"EN-GB\">The knowledge and use of balance pads have been steadily increasing over the years, and veterinarians and therapists all over the world are recommending them in combination with exercises for both prehab and rehab.<\/span><\/p>\n<p><span lang=\"EN-GB\"><\/span><\/p>\n<\/div>\n<div>\n<p><span lang=\"EN-GB\">When we place the horse on the pads, we activate small, important stabilizing tissues and muscle groups that are crucial for the horse&#8217;s over all stability, balance, and sustainability. Together with the exercises in the Equibodybalance app, you have a complete setup to help your horse.<\/span><\/p>\n<p><span lang=\"EN-GB\"><\/span><\/p>\n<\/div>\n<div>\n<p><span lang=\"EN-GB\">The balance pads are carefully developed in their material, they are eco friendly, and they are made in Sweden.<\/span><\/p>\n<\/div>\n<p style=\"font-weight: 400;\">\n<p>[\/et_pb_text][et_pb_text content_tablet=&#8221;<\/p>\n<h3>Interested in buying Balance Pads?<\/h3>\n<p>&#8221; content_phone=&#8221;<\/p>\n<h3>Interested in buying Balance Pads?<\/h3>\n<p>&#8221; content_last_edited=&#8221;on|phone&#8221; _builder_version=&#8221;4.27.4&#8243; text_font=&#8221;PT Sans Narrow||||&#8221; text_font_size=&#8221;24&#8243; header_3_font=&#8221;&#8211;et_global_heading_font||||||||&#8221; header_3_text_color=&#8221;#5f7f94&#8243; header_3_font_size=&#8221;23px&#8221; header_3_line_height=&#8221;1.1em&#8221; background_size=&#8221;initial&#8221; background_position=&#8221;top_left&#8221; background_repeat=&#8221;repeat&#8221; header_3_font_size_tablet=&#8221;23px&#8221; header_3_font_size_phone=&#8221;23px&#8221; header_3_font_size_last_edited=&#8221;on|desktop&#8221; use_border_color=&#8221;off&#8221; border_color=&#8221;#ffffff&#8221; border_style=&#8221;solid&#8221; global_colors_info=&#8221;{}&#8221;]<\/p>\n<h3>Interested in buying Balance Pads?<\/h3>\n<p>[\/et_pb_text][\/et_pb_column][\/et_pb_row][et_pb_row column_structure=&#8221;1_3,1_3,1_3&#8243; _builder_version=&#8221;4.27.4&#8243; _module_preset=&#8221;default&#8221; global_colors_info=&#8221;{}&#8221;][et_pb_column type=&#8221;1_3&#8243; _builder_version=&#8221;4.27.4&#8243; _module_preset=&#8221;default&#8221; global_colors_info=&#8221;{}&#8221;][et_pb_image src=&#8221;https:\/\/svenskhastrehab.se\/wp-content\/uploads\/2024\/12\/IMG_0241.jpg&#8221; title_text=&#8221;IMG_0241&#8243; _builder_version=&#8221;4.27.4&#8243; _module_preset=&#8221;default&#8221; global_colors_info=&#8221;{}&#8221;][\/et_pb_image][\/et_pb_column][et_pb_column type=&#8221;1_3&#8243; _builder_version=&#8221;4.27.4&#8243; _module_preset=&#8221;default&#8221; global_colors_info=&#8221;{}&#8221;][et_pb_image src=&#8221;https:\/\/svenskhastrehab.se\/wp-content\/uploads\/2024\/12\/IMG_0242.jpg&#8221; title_text=&#8221;IMG_0242&#8243; _builder_version=&#8221;4.27.4&#8243; _module_preset=&#8221;default&#8221; global_colors_info=&#8221;{}&#8221;][\/et_pb_image][\/et_pb_column][et_pb_column type=&#8221;1_3&#8243; _builder_version=&#8221;4.27.4&#8243; _module_preset=&#8221;default&#8221; global_colors_info=&#8221;{}&#8221;][et_pb_image src=&#8221;https:\/\/svenskhastrehab.se\/wp-content\/uploads\/2024\/12\/IMG_0240.jpg&#8221; title_text=&#8221;IMG_0240&#8243; _builder_version=&#8221;4.27.4&#8243; _module_preset=&#8221;default&#8221; global_colors_info=&#8221;{}&#8221;][\/et_pb_image][et_pb_text _builder_version=&#8221;4.27.4&#8243; background_size=&#8221;initial&#8221; background_position=&#8221;top_left&#8221; background_repeat=&#8221;repeat&#8221; z_index_tablet=&#8221;500&#8243; box_shadow_horizontal_tablet=&#8221;0px&#8221; box_shadow_vertical_tablet=&#8221;0px&#8221; box_shadow_blur_tablet=&#8221;40px&#8221; box_shadow_spread_tablet=&#8221;0px&#8221; global_colors_info=&#8221;{}&#8221;]<\/p>\n<p><strong>Price: 1 295 SEK<br \/><\/strong><\/p>\n<p>[\/et_pb_text][et_pb_button button_url=&#8221;https:\/\/svenskhastrehab.se\/en\/shop\/&#8221; button_text=&#8221;BUY HERE&#8221; _builder_version=&#8221;4.27.4&#8243; _module_preset=&#8221;default&#8221; global_colors_info=&#8221;{}&#8221;][\/et_pb_button][\/et_pb_column][\/et_pb_row][\/et_pb_section]<\/p>\n","protected":false},"excerpt":{"rendered":"<p>Equine Balance Pads &#8211; Made in Sweden! The knowledge and use of balance pads have been steadily increasing over the years, and veterinarians and therapists all over the world are recommending them in combination with exercises for both prehab and rehab. When we place the horse on the pads, we activate small, important stabilizing tissues [&hellip;]<\/p>\n","protected":false},"author":1,"featured_media":0,"parent":0,"menu_order":0,"comment_status":"closed","ping_status":"closed","template":"","meta":{"_et_pb_use_builder":"on","_et_pb_old_content":"<p><img class=\"alignnone size-full wp-image-3249\" src=\"https:\/\/svenskhastrehab.se\/wp-content\/uploads\/2016\/10\/Equiband-topp.jpg\" alt=\"equiband-topp\" width=\"913\" height=\"321\" \/><\/p><p><em>Equiband\u2122<\/em> \u00e4r ett unikt b\u00e5ltr\u00e4ningssystem utvecklat av tv\u00e5 av v\u00e4rldens mest framst\u00e5ende inom omr\u00e5det h\u00e4stens biomekanik \u2013 <em>Dr Hillary M Clayton<\/em> och <em>Dr Narelle Stubbs<\/em>. Systemet grundar sig i hur man arbetar inom human idrottsmedicin och man har \u00f6verf\u00f6rt dessa rehabiliterande och prestationsf\u00f6rb\u00e4ttrande principer till h\u00e4sten.<\/p><p>Systemet hj\u00e4lper h\u00e4sten att aktivera och st\u00e4rka sina b\u00e5lmuskler vilket g\u00f6r att h\u00e4sten kan b\u00e4ra sig sj\u00e4lv och ryttaren p\u00e5 ett biomekaniskt korrekt s\u00e4tt. Viveca har arbetat med systemet sedan 2012 och varit delaktig i \u00e5tskilliga h\u00e4stars lyckade rehabilitering.<\/p><p>Equiband anv\u00e4nds inte bara f\u00f6r rehabilitering utan passar \u00e4ven utm\u00e4rkt f\u00f6r ungh\u00e4star innan uppsutten tr\u00e4ning, h\u00e4star som \u00e4r sv\u00e5ra att f\u00e5 i form, \u00e4ldre h\u00e4star som b\u00f6rjar bli svaga i ryggen eller h\u00f6gpresterande h\u00e4star som \u00e4nnu inte \u201dhittat\u201d bukmusklerna och\/eller beh\u00f6ver mer bakbensaktivitet.<\/p><p>Equiband kan b\u00e5de hyras och k\u00f6pas, se priser under fliken priser.<\/p>","_et_gb_content_width":"","footnotes":""},"class_list":["post-16813","page","type-page","status-publish","hentry"],"_links":{"self":[{"href":"https:\/\/svenskhastrehab.se\/en\/wp-json\/wp\/v2\/pages\/16813","targetHints":{"allow":["GET"]}}],"collection":[{"href":"https:\/\/svenskhastrehab.se\/en\/wp-json\/wp\/v2\/pages"}],"about":[{"href":"https:\/\/svenskhastrehab.se\/en\/wp-json\/wp\/v2\/types\/page"}],"author":[{"embeddable":true,"href":"https:\/\/svenskhastrehab.se\/en\/wp-json\/wp\/v2\/users\/1"}],"replies":[{"embeddable":true,"href":"https:\/\/svenskhastrehab.se\/en\/wp-json\/wp\/v2\/comments?post=16813"}],"version-history":[{"count":8,"href":"https:\/\/svenskhastrehab.se\/en\/wp-json\/wp\/v2\/pages\/16813\/revisions"}],"predecessor-version":[{"id":18595,"href":"https:\/\/svenskhastrehab.se\/en\/wp-json\/wp\/v2\/pages\/16813\/revisions\/18595"}],"wp:attachment":[{"href":"https:\/\/svenskhastrehab.se\/en\/wp-json\/wp\/v2\/media?parent=16813"}],"curies":[{"name":"wp","href":"https:\/\/api.w.org\/{rel}","templated":true}]}}