{"id":16986,"date":"2016-10-11T14:56:24","date_gmt":"2016-10-11T12:56:24","guid":{"rendered":"https:\/\/svenskhastrehab.se\/equibodybalance\/"},"modified":"2026-01-21T15:32:34","modified_gmt":"2026-01-21T14:32:34","slug":"equibodybalance","status":"publish","type":"page","link":"https:\/\/svenskhastrehab.se\/en\/equibodybalance\/","title":{"rendered":"Equibodybalance"},"content":{"rendered":"<p>[et_pb_section fb_built=&#8221;1&#8243; fullwidth=&#8221;on&#8221; _builder_version=&#8221;4.27.4&#8243; _module_preset=&#8221;default&#8221; global_colors_info=&#8221;{}&#8221;][et_pb_fullwidth_slider _builder_version=&#8221;4.27.5&#8243; _module_preset=&#8221;default&#8221; background_enable_image=&#8221;off&#8221; background_video_mp4=&#8221;https:\/\/svenskhastrehab.se\/wp-content\/uploads\/2025\/08\/EBB-2025-720-dpi.mov&#8221; hover_enabled=&#8221;0&#8243; background_last_edited=&#8221;on|phone&#8221; global_colors_info=&#8221;{}&#8221; height_last_edited=&#8221;on|phone&#8221; height=&#8221;650px&#8221; max_height=&#8221;650px&#8221; sticky_enabled=&#8221;0&#8243; height_tablet=&#8221;500px&#8221; height_phone=&#8221;300px&#8221;][et_pb_slide _builder_version=&#8221;4.27.5&#8243; _module_preset=&#8221;default&#8221; background_image=&#8221;https:\/\/svenskhastrehab.se\/wp-content\/uploads\/2025\/02\/BILDSPEL-EBB.jpg&#8221; background_enable_image=&#8221;on&#8221; hover_enabled=&#8221;0&#8243; global_colors_info=&#8221;{}&#8221; sticky_transition=&#8221;on&#8221; sticky_enabled=&#8221;0&#8243;][\/et_pb_slide][\/et_pb_fullwidth_slider][\/et_pb_section][et_pb_section fb_built=&#8221;1&#8243; admin_label=&#8221;section&#8221; _builder_version=&#8221;4.16&#8243; global_colors_info=&#8221;{}&#8221;][et_pb_row column_structure=&#8221;2_3,1_3&#8243; admin_label=&#8221;row&#8221; _builder_version=&#8221;4.16&#8243; background_size=&#8221;initial&#8221; background_position=&#8221;top_left&#8221; background_repeat=&#8221;repeat&#8221; custom_padding=&#8221;5px|||||&#8221; global_colors_info=&#8221;{}&#8221;][et_pb_column type=&#8221;2_3&#8243; _builder_version=&#8221;4.16&#8243; custom_padding=&#8221;|||&#8221; global_colors_info=&#8221;{}&#8221; custom_padding__hover=&#8221;|||&#8221;][et_pb_text content_tablet=&#8221;<\/p>\n<h3>Equibodybalance &#8211; the favorite of the horses and conscious horse owners!<\/h3>\n<div>\n<div>\n<p><span lang=%22EN-GB%22>Equibodybalance can be compared to yoga or Pilates and can be used to analyze and strengthen the horse in motion. Me and my team colleagues have been using the method since 2013 with fantastic results on all sorts of horse for both prehab and rehab. Since the app with the same name was launched in 2019, thousands of horses worldwide receive help with mobility, posture and dynamic stability from this method every year.<\/span><\/p>\n<p><span lang=%22EN-GB%22><\/span><\/p>\n<\/div>\n<div>\n<p><span lang=%22EN-GB%22>With Equibodybalance, you can teach your horse to use functional biomechanics and self-carriage \u2013 the foundation for ridden work. The app also contains a lot of additional exercises for thorasic sling, core and pelvis and if you want to use balance pads \u2013 there are plenty of exercise for that too. <\/span><\/p>\n<\/div>\n<div>\n<p><span lang=%22EN-GB%22><\/span><\/p>\n<p><span lang=%22EN-GB%22>There is a one-off fee of 23 USD\/EUR \u2013 no subscription or membership.<\/span><\/p>\n<\/div>\n<\/div>\n<p>&#8221; content_phone=&#8221;<\/p>\n<h3>Equibodybalance &#8211; the favorite of the horses and conscious horse owners!<\/h3>\n<div>\n<div>\n<p><span lang=%22EN-GB%22>Equibodybalance can be compared to yoga or Pilates and can be used to analyze and strengthen the horse in motion. Me and my team colleagues have been using the method since 2013 with fantastic results on all sorts of horse for both prehab and rehab. Since the app with the same name was launched in 2019, thousands of horses worldwide receive help with mobility, posture and dynamic stability from this method every year.<\/span><\/p>\n<p><span lang=%22EN-GB%22><\/span><\/p>\n<\/div>\n<div>\n<p><span lang=%22EN-GB%22>With Equibodybalance, you can teach your horse to use functional biomechanics and self-carriage \u2013 the foundation for ridden work. The app also contains a lot of additional exercises for thorasic sling, core and pelvis and if you want to use balance pads \u2013 there are plenty of exercise for that too. <\/span><\/p>\n<\/div>\n<div>\n<p><span lang=%22EN-GB%22><\/span><\/p>\n<p><span lang=%22EN-GB%22>There is a one-off fee of 23 USD\/EUR \u2013 no subscription or membership.<\/span><\/p>\n<\/div>\n<\/div>\n<p>&#8221; content_last_edited=&#8221;on|desktop&#8221; _builder_version=&#8221;4.27.4&#8243; header_3_font=&#8221;&#8211;et_global_heading_font||||||||&#8221; header_3_text_color=&#8221;#5f7f94&#8243; header_3_font_size=&#8221;24px&#8221; header_3_line_height=&#8221;1.1em&#8221; header_4_font=&#8221;&#8211;et_global_heading_font||||||||&#8221; header_4_text_color=&#8221;#5f7f94&#8243; background_size=&#8221;initial&#8221; background_position=&#8221;top_left&#8221; background_repeat=&#8221;repeat&#8221; min_height=&#8221;288px&#8221; custom_margin=&#8221;16px|||||&#8221; custom_padding=&#8221;||21px|||&#8221; header_3_font_tablet=&#8221;&#8211;et_global_heading_font||||||||&#8221; header_3_font_phone=&#8221;&#8211;et_global_heading_font||||||||&#8221; header_3_font_last_edited=&#8221;on|phone&#8221; header_3_font_size_tablet=&#8221;24px&#8221; header_3_font_size_phone=&#8221;24px&#8221; header_3_font_size_last_edited=&#8221;on|phone&#8221; header_4_font_size_tablet=&#8221;&#8221; header_4_font_size_phone=&#8221;&#8221; header_4_font_size_last_edited=&#8221;on|phone&#8221; z_index_tablet=&#8221;500&#8243; use_border_color=&#8221;off&#8221; global_colors_info=&#8221;{}&#8221;]<\/p>\n<h3>Equibodybalance &#8211; the favorite of the horses and conscious horse owners!<\/h3>\n<div>\n<div>\n<p><span lang=\"EN-GB\">Equibodybalance can be compared to yoga or Pilates and can be used to analyze and strengthen the horse in motion. Me and my team colleagues have been using the method since 2013 with fantastic results on all sorts of horse for both prehab and rehab. Since the app with the same name was launched in 2019, thousands of horses worldwide receive help with mobility, posture and dynamic stability from this method every year.<\/span><\/p>\n<p><span lang=\"EN-GB\"><\/span><\/p>\n<\/div>\n<div>\n<p><span lang=\"EN-GB\">With Equibodybalance, you can teach your horse to use functional biomechanics and self-carriage \u2013 the foundation for ridden work. The app also contains a lot of additional exercises for thorasic sling, core and pelvis and if you want to use balance pads \u2013 there are plenty of exercise for that too.<\/span><\/p>\n<p><span lang=\"EN-GB\"><\/span><\/p>\n<\/div>\n<div>\n<p><span lang=\"EN-GB\">There is a one-off fee of 23 USD\/EUR \u2013 no subscription or membership.<\/span><\/p>\n<\/div>\n<\/div>\n<p>[\/et_pb_text][et_pb_image src=&#8221;https:\/\/svenskhastrehab.se\/wp-content\/uploads\/2025\/03\/STAR_ENG.jpg&#8221; title_text=&#8221;Stja\u0308rnan ny variant&#8221; align_tablet=&#8221;center&#8221; align_phone=&#8221;center&#8221; align_last_edited=&#8221;on|desktop&#8221; _builder_version=&#8221;4.27.4&#8243; z_index_tablet=&#8221;500&#8243; global_colors_info=&#8221;{}&#8221;][\/et_pb_image][\/et_pb_column][et_pb_column type=&#8221;1_3&#8243; _builder_version=&#8221;4.16&#8243; custom_padding=&#8221;|||&#8221; global_colors_info=&#8221;{}&#8221; custom_padding__hover=&#8221;|||&#8221;][et_pb_text _builder_version=&#8221;4.27.4&#8243; text_font=&#8221;PT Sans Narrow||||&#8221; text_font_size=&#8221;24&#8243; background_size=&#8221;initial&#8221; background_position=&#8221;top_left&#8221; background_repeat=&#8221;repeat&#8221; z_index_tablet=&#8221;500&#8243; use_border_color=&#8221;off&#8221; border_color=&#8221;#ffffff&#8221; border_style=&#8221;solid&#8221; global_colors_info=&#8221;{}&#8221;]<\/p>\n<p>The App Equibodybalance\u2122<\/p>\n<p>[\/et_pb_text][et_pb_image src=&#8221;https:\/\/svenskhastrehab.se\/wp-content\/uploads\/2021\/11\/APPFRONT_NY.jpg&#8221; title_text=&#8221;APPFRONT_NY&#8221; align_tablet=&#8221;center&#8221; align_phone=&#8221;center&#8221; align_last_edited=&#8221;on|desktop&#8221; _builder_version=&#8221;4.16&#8243; z_index_tablet=&#8221;500&#8243; global_colors_info=&#8221;{}&#8221;][\/et_pb_image][et_pb_text _builder_version=&#8221;4.27.4&#8243; background_size=&#8221;initial&#8221; background_position=&#8221;top_left&#8221; background_repeat=&#8221;repeat&#8221; z_index_tablet=&#8221;500&#8243; use_border_color=&#8221;off&#8221; border_color=&#8221;#ffffff&#8221; border_style=&#8221;solid&#8221; global_colors_info=&#8221;{}&#8221;]<\/p>\n<p><strong>Download the Equibodybalance App here:<\/strong><\/p>\n<p><a href=\"https:\/\/play.google.com\/store\/apps\/details?id=svenskhastrehab.se.equibodybalance&amp;gl=SE\"><img loading=\"lazy\" decoding=\"async\" class=\"alignleft wp-image-17056\" src=\"https:\/\/svenskhastrehab.se\/wp-content\/uploads\/2025\/03\/google-play-badge-logo-png-transparent.png\" alt=\"\" width=\"151\" height=\"44\" \/><\/a><a href=\"https:\/\/itunes.apple.com\/us\/app\/equibodybalance\/id1457014768?l=sv&amp;ls=1&amp;mt=8\"><img loading=\"lazy\" decoding=\"async\" class=\"wp-image-17054 size-full alignleft\" src=\"https:\/\/svenskhastrehab.se\/wp-content\/uploads\/2025\/03\/App_Store_Badge.svg_-1.png\" alt=\"\" width=\"150\" height=\"44\" \/><\/a><\/p>\n<p>[\/et_pb_text][\/et_pb_column][\/et_pb_row][\/et_pb_section]<\/p>\n","protected":false},"excerpt":{"rendered":"<p>Equibodybalance &#8211; the favorite of the horses and conscious horse owners! Equibodybalance can be compared to yoga or Pilates and can be used to analyze and strengthen the horse in motion. Me and my team colleagues have been using the method since 2013 with fantastic results on all sorts of horse for both prehab and [&hellip;]<\/p>\n","protected":false},"author":1,"featured_media":0,"parent":0,"menu_order":0,"comment_status":"closed","ping_status":"closed","template":"","meta":{"_et_pb_use_builder":"on","_et_pb_old_content":"<p><img class=\"alignnone size-full wp-image-3253\" src=\"https:\/\/svenskhastrehab.se\/wp-content\/uploads\/2016\/10\/Equibodybalance.jpg\" alt=\"equibodybalance\" width=\"913\" height=\"321\" \/><\/p><p><em>Equibodybalance<\/em> kan liknas vid sjukgymnastik eller arbetsterapi och \u00e4r metoden vi anv\u00e4nder f\u00f6r att b\u00e5de utv\u00e4rdera och behandla h\u00e4sten i r\u00f6relse. Det \u00e4r ett m\u00e5ngsidigt verktyg och man f\u00e5r p\u00e5 kort tid m\u00e4ngder med information om h\u00e4stens balans, biomekanik, r\u00f6relsebegr\u00e4nsningar och vilka omr\u00e5den som l\u00f6per risk f\u00f6r skador. Med metoden, oftast tillsammans med <a href=\"http:\/\/svenskhastrehab.se\/equiband\/\"><em>Equiband,<\/em><\/a> hj\u00e4lper vi h\u00e4sten med ovanst\u00e5ende problematik och eliminerar risker som kan f\u00f6rs\u00e4mra h\u00e5llbarhet och prestation.<\/p><p>Metoden l\u00e4rs \u00e4ven ut via privatlektion, clinic eller workshop till h\u00e4st\u00e4gare som vill hj\u00e4lpa sin h\u00e4st med rehab eller i f\u00f6rebyggande syfte. L\u00e4s mer h\u00e4r.<\/p>","_et_gb_content_width":"","footnotes":""},"class_list":["post-16986","page","type-page","status-publish","hentry"],"_links":{"self":[{"href":"https:\/\/svenskhastrehab.se\/en\/wp-json\/wp\/v2\/pages\/16986","targetHints":{"allow":["GET"]}}],"collection":[{"href":"https:\/\/svenskhastrehab.se\/en\/wp-json\/wp\/v2\/pages"}],"about":[{"href":"https:\/\/svenskhastrehab.se\/en\/wp-json\/wp\/v2\/types\/page"}],"author":[{"embeddable":true,"href":"https:\/\/svenskhastrehab.se\/en\/wp-json\/wp\/v2\/users\/1"}],"replies":[{"embeddable":true,"href":"https:\/\/svenskhastrehab.se\/en\/wp-json\/wp\/v2\/comments?post=16986"}],"version-history":[{"count":8,"href":"https:\/\/svenskhastrehab.se\/en\/wp-json\/wp\/v2\/pages\/16986\/revisions"}],"predecessor-version":[{"id":18583,"href":"https:\/\/svenskhastrehab.se\/en\/wp-json\/wp\/v2\/pages\/16986\/revisions\/18583"}],"wp:attachment":[{"href":"https:\/\/svenskhastrehab.se\/en\/wp-json\/wp\/v2\/media?parent=16986"}],"curies":[{"name":"wp","href":"https:\/\/api.w.org\/{rel}","templated":true}]}}