{"id":16991,"date":"2016-10-11T14:44:56","date_gmt":"2016-10-11T12:44:56","guid":{"rendered":"https:\/\/svenskhastrehab.se\/equiband-2\/"},"modified":"2026-01-21T15:31:17","modified_gmt":"2026-01-21T14:31:17","slug":"equiband-pro","status":"publish","type":"page","link":"https:\/\/svenskhastrehab.se\/en\/equiband-pro\/","title":{"rendered":"Equiband\u2122 Pro"},"content":{"rendered":"<p>[et_pb_section fb_built=&#8221;1&#8243; fullwidth=&#8221;on&#8221; _builder_version=&#8221;4.27.4&#8243; _module_preset=&#8221;default&#8221; global_colors_info=&#8221;{}&#8221;][et_pb_fullwidth_slider _builder_version=&#8221;4.27.5&#8243; _module_preset=&#8221;default&#8221; hover_enabled=&#8221;0&#8243; global_colors_info=&#8221;{}&#8221; height_last_edited=&#8221;on|phone&#8221; height=&#8221;650px&#8221; max_height=&#8221;650px&#8221; sticky_enabled=&#8221;0&#8243; height_tablet=&#8221;500px&#8221; height_phone=&#8221;300px&#8221;][et_pb_slide _builder_version=&#8221;4.27.4&#8243; _module_preset=&#8221;default&#8221; background_image=&#8221;https:\/\/svenskhastrehab.se\/wp-content\/uploads\/2025\/02\/Equiband_top.jpg&#8221; background_enable_image=&#8221;on&#8221; global_colors_info=&#8221;{}&#8221; sticky_transition=&#8221;on&#8221;][\/et_pb_slide][\/et_pb_fullwidth_slider][\/et_pb_section][et_pb_section fb_built=&#8221;1&#8243; admin_label=&#8221;section&#8221; _builder_version=&#8221;4.16&#8243; custom_padding=&#8221;38px|||||&#8221; global_colors_info=&#8221;{}&#8221;][et_pb_row column_structure=&#8221;2_3,1_3&#8243; admin_label=&#8221;row&#8221; _builder_version=&#8221;4.16&#8243; background_size=&#8221;initial&#8221; background_position=&#8221;top_left&#8221; background_repeat=&#8221;repeat&#8221; custom_margin=&#8221;-27px|auto||auto||&#8221; global_colors_info=&#8221;{}&#8221;][et_pb_column type=&#8221;2_3&#8243; _builder_version=&#8221;4.16&#8243; custom_padding=&#8221;|||&#8221; global_colors_info=&#8221;{}&#8221; custom_padding__hover=&#8221;|||&#8221;][et_pb_text content_tablet=&#8221;<\/p>\n<h3>Equiband\u2122Pro &#8211; for Sustainability and Performance<\/h3>\n<div><span lang=%22EN-GB%22>Equiband is a unique core training system developed by three of the world\u2019s foremost experts in horse biomechanics \u2013  Prof. <em>Hillary M. Clayton<\/em>, Dr. <em>Nicole Rombach<\/em> and Dr. <em>Narelle Stubbs.<\/em> The system is based on principles used in human sports medicine and has transferred these rehabilitative and performance-enhancing principles to the horse.<\/span><\/div>\n<div> <\/div>\n<div> <\/div>\n<p><img class=%22aligncenter wp-image-7192 size-full%22 src=%22https:\/\/svenskhastrehab.se\/wp-content\/uploads\/2020\/01\/Equiband-topp-NY.jpg%22 alt=%22%22 width=%22913%22 height=%22321%22 \/><\/p>\n<p>\u00a0<\/p>\n<div>\n<p><span lang=%22EN-GB%22>The system helps the horse activate and strengthen its core muscles, hip flexors, and hind quarters, allowing the horse to support its back and significantly improve its self-c<\/span><span lang=%22EN-GB%22>arriage. But the bands do so much more than that. I have worked with Equiband since 2012 and often see immediate improvements in relaxation, balance, stability, and posture right from the fitting of the bands. For several years now, Equiband has been a standard tool recommended for both prehab and rehab by therapists and veterinarians worldwide.<\/span><\/p>\n<p>\u00a0<\/p>\n<\/div>\n<div>\n<p><span lang=%22EN-GB%22>For correct use, both to achieve the desired effect and to avoid overstraining the horse, proper fitting AND method of use are crucial. It is not appropriate to guess how the bands should be tightened, and it is not suitable to use the bands in conjunction with side reins. <\/span><\/p>\n<\/div>\n<div>\n<p>\u00a0<\/p>\n<p><span lang=%22EN-GB%22>It is recommended to book an individual fitting how the bands should be tightened and used. However, if that\u2019s not possible, you can download my app <em>%22Equibodybalance%22<\/em> available on both App Store and Google Play.<\/span><\/p>\n<\/div>\n<div>\n<p>\u00a0<\/p>\n<p><span lang=%22EN-GB%22>The app includes fitting, recommended training plans, and much more that can be useful for your horse\u2019s sustainability. For horses undergoing rehab, it is important to seek help from someone who can create an individual plan for your horse, taking into account injuries and the overall rehab program.<\/span><\/p>\n<\/div>\n<p>\u00a0<\/p>\n<p><img class=%22aligncenter size-full wp-image-7193%22 src=%22https:\/\/svenskhastrehab.se\/wp-content\/uploads\/2020\/01\/EQUIBAND_RID.jpg%22 alt=%22%22 width=%22910%22 height=%22607%22 \/><\/p>\n<p>\u00a0<\/p>\n<p>&#8221; content_phone=&#8221;<\/p>\n<h3>Equiband\u2122Pro &#8211; for Sustainability and Performance<\/h3>\n<div><span lang=%22EN-GB%22>Equiband is a unique core training system developed by three of the world\u2019s foremost experts in horse biomechanics \u2013  Prof. <em>Hillary M. Clayton<\/em>, Dr. <em>Nicole Rombach<\/em> and Dr. <em>Narelle Stubbs.<\/em> The system is based on principles used in human sports medicine and has transferred these rehabilitative and performance-enhancing principles to the horse.<\/span><\/div>\n<div> <\/div>\n<div> <\/div>\n<p><img class=%22aligncenter wp-image-7192 size-full%22 src=%22https:\/\/svenskhastrehab.se\/wp-content\/uploads\/2020\/01\/Equiband-topp-NY.jpg%22 alt=%22%22 width=%22913%22 height=%22321%22 \/><\/p>\n<p>\u00a0<\/p>\n<div>\n<p><span lang=%22EN-GB%22>The system helps the horse activate and strengthen its core muscles, hip flexors, and hind quarters, allowing the horse to support its back and significantly improve its self-c<\/span><span lang=%22EN-GB%22>arriage. But the bands do so much more than that. I have worked with Equiband since 2012 and often see immediate improvements in relaxation, balance, stability, and posture right from the fitting of the bands. For several years now, Equiband has been a standard tool recommended for both prehab and rehab by therapists and veterinarians worldwide.<\/span><\/p>\n<p>\u00a0<\/p>\n<\/div>\n<div>\n<p><span lang=%22EN-GB%22>For correct use, both to achieve the desired effect and to avoid overstraining the horse, proper fitting AND method of use are crucial. It is not appropriate to guess how the bands should be tightened, and it is not suitable to use the bands in conjunction with side reins. <\/span><\/p>\n<\/div>\n<div>\n<p>\u00a0<\/p>\n<p><span lang=%22EN-GB%22>It is recommended to book an individual fitting how the bands should be tightened and used. However, if that\u2019s not possible, you can download my app <em>%22Equibodybalance%22<\/em> available on both App Store and Google Play.<\/span><\/p>\n<\/div>\n<div>\n<p>\u00a0<\/p>\n<p><span lang=%22EN-GB%22>The app includes fitting, recommended training plans, and much more that can be useful for your horse\u2019s sustainability. For horses undergoing rehab, it is important to seek help from someone who can create an individual plan for your horse, taking into account injuries and the overall rehab program.<\/span><\/p>\n<\/div>\n<p>\u00a0<\/p>\n<p><img class=%22aligncenter size-full wp-image-7193%22 src=%22https:\/\/svenskhastrehab.se\/wp-content\/uploads\/2020\/01\/EQUIBAND_RID.jpg%22 alt=%22%22 width=%22910%22 height=%22607%22 \/><\/p>\n<p>\u00a0<\/p>\n<p>&#8221; content_last_edited=&#8221;on|phone&#8221; _builder_version=&#8221;4.27.4&#8243; header_3_text_color=&#8221;#5f7f94&#8243; header_3_line_height=&#8221;1.1em&#8221; background_size=&#8221;initial&#8221; background_position=&#8221;top_left&#8221; background_repeat=&#8221;repeat&#8221; custom_margin=&#8221;9px|||||&#8221; custom_padding=&#8221;9px|||||&#8221; header_3_font_size_tablet=&#8221;&#8221; header_3_font_size_phone=&#8221;23px&#8221; header_3_font_size_last_edited=&#8221;on|phone&#8221; z_index_tablet=&#8221;500&#8243; box_shadow_horizontal_tablet=&#8221;0px&#8221; box_shadow_vertical_tablet=&#8221;0px&#8221; box_shadow_blur_tablet=&#8221;40px&#8221; box_shadow_spread_tablet=&#8221;0px&#8221; use_border_color=&#8221;off&#8221; global_colors_info=&#8221;{}&#8221;]<\/p>\n<h3>Equiband\u2122Pro &#8211; for Sustainability and Performance<\/h3>\n<div><span lang=\"EN-GB\">Equiband is a unique core training system developed by three of the world\u2019s foremost experts in horse biomechanics \u2013\u00a0 Prof. <em>Hillary M. Clayton<\/em>, Dr. <em>Nicole Rombach<\/em> and Dr. <em>Narelle Stubbs.<\/em> The system is based on principles used in human sports medicine and has transferred these rehabilitative and performance-enhancing principles to the horse.<\/span><\/div>\n<div>\u00a0<\/div>\n<div>\u00a0<\/div>\n<p><img loading=\"lazy\" decoding=\"async\" class=\"aligncenter wp-image-7192 size-full\" src=\"https:\/\/svenskhastrehab.se\/wp-content\/uploads\/2020\/01\/Equiband-topp-NY.jpg\" alt=\"\" width=\"913\" height=\"321\" srcset=\"https:\/\/svenskhastrehab.se\/wp-content\/uploads\/2020\/01\/Equiband-topp-NY.jpg 913w, https:\/\/svenskhastrehab.se\/wp-content\/uploads\/2020\/01\/Equiband-topp-NY-510x179.jpg 510w, https:\/\/svenskhastrehab.se\/wp-content\/uploads\/2020\/01\/Equiband-topp-NY-300x105.jpg 300w, https:\/\/svenskhastrehab.se\/wp-content\/uploads\/2020\/01\/Equiband-topp-NY-768x270.jpg 768w\" sizes=\"(max-width: 913px) 100vw, 913px\" \/><\/p>\n<p>&nbsp;<\/p>\n<div>\n<p><span lang=\"EN-GB\">The system helps the horse activate and strengthen its core muscles, hip flexors, and hind quarters, allowing the horse to support its back and significantly improve its self-c<\/span><span lang=\"EN-GB\">arriage. But the bands do so much more than that. I have worked with Equiband since 2012 and often see immediate improvements in relaxation, balance, stability, and posture right from the fitting of the bands. For several years now, Equiband has been a standard tool recommended for both prehab and rehab by therapists and veterinarians worldwide.<\/span><\/p>\n<p>&nbsp;<\/p>\n<\/div>\n<div>\n<p><span lang=\"EN-GB\">For correct use, both to achieve the desired effect and to avoid overstraining the horse, proper fitting AND method of use are crucial. It is not appropriate to guess how the bands should be tightened, and it is not suitable to use the bands in conjunction with side reins. <\/span><\/p>\n<\/div>\n<div>\n<p>&nbsp;<\/p>\n<p><span lang=\"EN-GB\">It is recommended to book an individual fitting how the bands should be tightened and used. However, if that\u2019s not possible, you can download my app <em>&#8220;Equibodybalance&#8221;<\/em> available on both App Store and Google Play.<\/span><\/p>\n<\/div>\n<div>\n<p>&nbsp;<\/p>\n<p><span lang=\"EN-GB\">The app includes fitting, recommended training plans, and much more that can be useful for your horse\u2019s sustainability. For horses undergoing rehab, it is important to seek help from someone who can create an individual plan for your horse, taking into account injuries and the overall rehab program.<\/span><\/p>\n<\/div>\n<p>&nbsp;<\/p>\n<p><img loading=\"lazy\" decoding=\"async\" class=\"aligncenter size-full wp-image-7193\" src=\"https:\/\/svenskhastrehab.se\/wp-content\/uploads\/2020\/01\/EQUIBAND_RID.jpg\" alt=\"\" width=\"910\" height=\"607\" srcset=\"https:\/\/svenskhastrehab.se\/wp-content\/uploads\/2020\/01\/EQUIBAND_RID.jpg 910w, https:\/\/svenskhastrehab.se\/wp-content\/uploads\/2020\/01\/EQUIBAND_RID-510x340.jpg 510w, https:\/\/svenskhastrehab.se\/wp-content\/uploads\/2020\/01\/EQUIBAND_RID-300x200.jpg 300w, https:\/\/svenskhastrehab.se\/wp-content\/uploads\/2020\/01\/EQUIBAND_RID-768x512.jpg 768w\" sizes=\"(max-width: 910px) 100vw, 910px\" \/><\/p>\n<p>&nbsp;<\/p>\n<p>[\/et_pb_text][\/et_pb_column][et_pb_column type=&#8221;1_3&#8243; _builder_version=&#8221;4.16&#8243; custom_padding=&#8221;|||&#8221; global_colors_info=&#8221;{}&#8221; custom_padding__hover=&#8221;|||&#8221;][et_pb_text _builder_version=&#8221;4.27.4&#8243; text_font=&#8221;PT Sans Narrow||||&#8221; text_font_size=&#8221;24&#8243; background_size=&#8221;initial&#8221; background_position=&#8221;top_left&#8221; background_repeat=&#8221;repeat&#8221; use_border_color=&#8221;off&#8221; border_color=&#8221;#ffffff&#8221; border_style=&#8221;solid&#8221; global_colors_info=&#8221;{}&#8221;]<\/p>\n<p>Interested in buying Equiband Pro?<\/p>\n<p>[\/et_pb_text][et_pb_text _builder_version=&#8221;4.27.4&#8243; background_size=&#8221;initial&#8221; background_position=&#8221;top_left&#8221; background_repeat=&#8221;repeat&#8221; z_index_tablet=&#8221;500&#8243; box_shadow_horizontal_tablet=&#8221;0px&#8221; box_shadow_vertical_tablet=&#8221;0px&#8221; box_shadow_blur_tablet=&#8221;40px&#8221; box_shadow_spread_tablet=&#8221;0px&#8221; global_colors_info=&#8221;{}&#8221;]<\/p>\n<p><img loading=\"lazy\" decoding=\"async\" class=\"size-medium wp-image-5300 alignnone\" src=\"https:\/\/svenskhastrehab.se\/wp-content\/uploads\/2019\/05\/SvenskHastrehab_app_vintern_2019_FotografNatalieGreppi_WEB-20-300x200.jpg\" alt=\"\" width=\"300\" height=\"200\" srcset=\"https:\/\/svenskhastrehab.se\/wp-content\/uploads\/2019\/05\/SvenskHastrehab_app_vintern_2019_FotografNatalieGreppi_WEB-20-300x200.jpg 300w, https:\/\/svenskhastrehab.se\/wp-content\/uploads\/2019\/05\/SvenskHastrehab_app_vintern_2019_FotografNatalieGreppi_WEB-20-510x340.jpg 510w, https:\/\/svenskhastrehab.se\/wp-content\/uploads\/2019\/05\/SvenskHastrehab_app_vintern_2019_FotografNatalieGreppi_WEB-20-768x512.jpg 768w, https:\/\/svenskhastrehab.se\/wp-content\/uploads\/2019\/05\/SvenskHastrehab_app_vintern_2019_FotografNatalieGreppi_WEB-20-1024x683.jpg 1024w, https:\/\/svenskhastrehab.se\/wp-content\/uploads\/2019\/05\/SvenskHastrehab_app_vintern_2019_FotografNatalieGreppi_WEB-20-1080x720.jpg 1080w, https:\/\/svenskhastrehab.se\/wp-content\/uploads\/2019\/05\/SvenskHastrehab_app_vintern_2019_FotografNatalieGreppi_WEB-20.jpg 1500w\" sizes=\"(max-width: 300px) 100vw, 300px\" \/><\/p>\n<p><strong>Price: 3200 SEK<br \/><\/strong><\/p>\n<p>[\/et_pb_text][et_pb_button button_url=&#8221;https:\/\/svenskhastrehab.se\/en\/produkt\/equiband\/&#8221; button_text=&#8221;BUY HERE&#8221; _builder_version=&#8221;4.27.4&#8243; _module_preset=&#8221;default&#8221; global_colors_info=&#8221;{}&#8221;][\/et_pb_button][\/et_pb_column][\/et_pb_row][\/et_pb_section]<\/p>\n","protected":false},"excerpt":{"rendered":"<p>Equiband\u2122Pro &#8211; for Sustainability and Performance Equiband is a unique core training system developed by three of the world\u2019s foremost experts in horse biomechanics \u2013\u00a0 Prof. Hillary M. Clayton, Dr. Nicole Rombach and Dr. Narelle Stubbs. The system is based on principles used in human sports medicine and has transferred these rehabilitative and performance-enhancing principles [&hellip;]<\/p>\n","protected":false},"author":1,"featured_media":0,"parent":0,"menu_order":0,"comment_status":"closed","ping_status":"closed","template":"","meta":{"_et_pb_use_builder":"on","_et_pb_old_content":"<p><img class=\"alignnone size-full wp-image-3249\" src=\"https:\/\/svenskhastrehab.se\/wp-content\/uploads\/2016\/10\/Equiband-topp.jpg\" alt=\"equiband-topp\" width=\"913\" height=\"321\" \/><\/p><p><em>Equiband\u2122<\/em> \u00e4r ett unikt b\u00e5ltr\u00e4ningssystem utvecklat av tv\u00e5 av v\u00e4rldens mest framst\u00e5ende inom omr\u00e5det h\u00e4stens biomekanik \u2013 <em>Dr Hillary M Clayton<\/em> och <em>Dr Narelle Stubbs<\/em>. Systemet grundar sig i hur man arbetar inom human idrottsmedicin och man har \u00f6verf\u00f6rt dessa rehabiliterande och prestationsf\u00f6rb\u00e4ttrande principer till h\u00e4sten.<\/p><p>Systemet hj\u00e4lper h\u00e4sten att aktivera och st\u00e4rka sina b\u00e5lmuskler vilket g\u00f6r att h\u00e4sten kan b\u00e4ra sig sj\u00e4lv och ryttaren p\u00e5 ett biomekaniskt korrekt s\u00e4tt. Viveca har arbetat med systemet sedan 2012 och varit delaktig i \u00e5tskilliga h\u00e4stars lyckade rehabilitering.<\/p><p>Equiband anv\u00e4nds inte bara f\u00f6r rehabilitering utan passar \u00e4ven utm\u00e4rkt f\u00f6r ungh\u00e4star innan uppsutten tr\u00e4ning, h\u00e4star som \u00e4r sv\u00e5ra att f\u00e5 i form, \u00e4ldre h\u00e4star som b\u00f6rjar bli svaga i ryggen eller h\u00f6gpresterande h\u00e4star som \u00e4nnu inte \u201dhittat\u201d bukmusklerna och\/eller beh\u00f6ver mer bakbensaktivitet.<\/p><p>Equiband kan b\u00e5de hyras och k\u00f6pas, se priser under fliken priser.<\/p>","_et_gb_content_width":"","footnotes":""},"class_list":["post-16991","page","type-page","status-publish","hentry"],"_links":{"self":[{"href":"https:\/\/svenskhastrehab.se\/en\/wp-json\/wp\/v2\/pages\/16991","targetHints":{"allow":["GET"]}}],"collection":[{"href":"https:\/\/svenskhastrehab.se\/en\/wp-json\/wp\/v2\/pages"}],"about":[{"href":"https:\/\/svenskhastrehab.se\/en\/wp-json\/wp\/v2\/types\/page"}],"author":[{"embeddable":true,"href":"https:\/\/svenskhastrehab.se\/en\/wp-json\/wp\/v2\/users\/1"}],"replies":[{"embeddable":true,"href":"https:\/\/svenskhastrehab.se\/en\/wp-json\/wp\/v2\/comments?post=16991"}],"version-history":[{"count":10,"href":"https:\/\/svenskhastrehab.se\/en\/wp-json\/wp\/v2\/pages\/16991\/revisions"}],"predecessor-version":[{"id":18580,"href":"https:\/\/svenskhastrehab.se\/en\/wp-json\/wp\/v2\/pages\/16991\/revisions\/18580"}],"wp:attachment":[{"href":"https:\/\/svenskhastrehab.se\/en\/wp-json\/wp\/v2\/media?parent=16991"}],"curies":[{"name":"wp","href":"https:\/\/api.w.org\/{rel}","templated":true}]}}