{"id":17010,"date":"2025-02-18T11:56:47","date_gmt":"2025-02-18T10:56:47","guid":{"rendered":"https:\/\/svenskhastrehab.se\/sadelanalys\/"},"modified":"2026-01-21T15:44:00","modified_gmt":"2026-01-21T14:44:00","slug":"saddle-analysis","status":"publish","type":"page","link":"https:\/\/svenskhastrehab.se\/en\/saddle-analysis\/","title":{"rendered":"Saddle analysis"},"content":{"rendered":"<p>[et_pb_section fb_built=&#8221;1&#8243; fullwidth=&#8221;on&#8221; _builder_version=&#8221;4.27.4&#8243; _module_preset=&#8221;default&#8221; global_colors_info=&#8221;{}&#8221;][et_pb_fullwidth_slider _builder_version=&#8221;4.27.5&#8243; _module_preset=&#8221;default&#8221; background_enable_image=&#8221;off&#8221; hover_enabled=&#8221;0&#8243; global_colors_info=&#8221;{}&#8221; height_last_edited=&#8221;on|phone&#8221; height=&#8221;650px&#8221; max_height=&#8221;650px&#8221; sticky_enabled=&#8221;0&#8243; height_tablet=&#8221;500px&#8221; height_phone=&#8221;300px&#8221;][et_pb_slide _builder_version=&#8221;4.27.4&#8243; _module_preset=&#8221;default&#8221; background_enable_image=&#8221;off&#8221; background_video_mp4=&#8221;https:\/\/svenskhastrehab.se\/wp-content\/uploads\/2025\/09\/Sadelanalys_1.mp4&#8243; background_enable_video_mp4=&#8221;on&#8221; global_colors_info=&#8221;{}&#8221; sticky_transition=&#8221;on&#8221;][\/et_pb_slide][\/et_pb_fullwidth_slider][\/et_pb_section][et_pb_section fb_built=&#8221;1&#8243; admin_label=&#8221;section&#8221; _builder_version=&#8221;4.16&#8243; custom_padding=&#8221;38px|||||&#8221; global_colors_info=&#8221;{}&#8221;][et_pb_row column_structure=&#8221;2_3,1_3&#8243; admin_label=&#8221;row&#8221; _builder_version=&#8221;4.16&#8243; background_size=&#8221;initial&#8221; background_position=&#8221;top_left&#8221; background_repeat=&#8221;repeat&#8221; custom_margin=&#8221;-27px|auto||auto||&#8221; global_colors_info=&#8221;{}&#8221;][et_pb_column type=&#8221;2_3&#8243; _builder_version=&#8221;4.16&#8243; custom_padding=&#8221;|||&#8221; global_colors_info=&#8221;{}&#8221; custom_padding__hover=&#8221;|||&#8221;][et_pb_text content_tablet=&#8221;<\/p>\n<h3>Saddle analysis<\/h3>\n<div>\n<p><span lang=%22EN-GB%22>If the saddle doesn\u2019t provide the right conditions for both horse and rider, you can keep treating the horse endlessly without long-term results.<\/span><\/p>\n<\/p>\n<\/div>\n<div>\n<p><span lang=%22EN-GB%22>And why guess? I can help you analyze your existing saddle in relation to both yourself and your horse, and of course, we\u2019ll also look at what can potentially be adjusted for better conditions for both of you.<\/span><\/p>\n<p><span lang=%22EN-GB%22><\/span><\/p>\n<\/div>\n<div>\n<p><span lang=%22EN-GB%22>At the clinic, we also have a full range of saddles from the <a href=%22https:\/\/kemnevallcollection.com\/%22>Kemnevall Collection<\/a>. If you\u2019re curious about them, you can take the opportunity to book a free trial fitting. Kemnevall Collection is a Swedish saddle brand that doesn\u2019t compromise on functionality and comfort for either the rider or the horse. Thoughtfully designed seats that provide the rider with optimal conditions for the pelvis, hips, and knees, and for the horses, we have wide, easily adjustable trees and lovely panels that provide space for lift, expansion, and self-carriage.<\/span><\/p>\n<\/div>\n<div><\/div>\n<p>&#8221; content_phone=&#8221;<\/p>\n<h3>Saddle analysis<\/h3>\n<div>\n<p><span lang=%22EN-GB%22>If the saddle doesn\u2019t provide the right conditions for both horse and rider, you can keep treating the horse endlessly without long-term results.<\/span><\/p>\n<\/p>\n<\/div>\n<div>\n<p><span lang=%22EN-GB%22>And why guess? I can help you analyze your existing saddle in relation to both yourself and your horse, and of course, we\u2019ll also look at what can potentially be adjusted for better conditions for both of you.<\/span><\/p>\n<p><span lang=%22EN-GB%22><\/span><\/p>\n<\/div>\n<div>\n<p><span lang=%22EN-GB%22>At the clinic, we also have a full range of saddles from the <a href=%22https:\/\/kemnevallcollection.com\/%22>Kemnevall Collection<\/a>. If you\u2019re curious about them, you can take the opportunity to book a free trial fitting. Kemnevall Collection is a Swedish saddle brand that doesn\u2019t compromise on functionality and comfort for either the rider or the horse. Thoughtfully designed seats that provide the rider with optimal conditions for the pelvis, hips, and knees, and for the horses, we have wide, easily adjustable trees and lovely panels that provide space for lift, expansion, and self-carriage.<\/span><\/p>\n<\/div>\n<p>&#8221; content_last_edited=&#8221;on|phone&#8221; _builder_version=&#8221;4.27.4&#8243; header_3_text_color=&#8221;#5f7f94&#8243; header_3_line_height=&#8221;1.1em&#8221; background_size=&#8221;initial&#8221; background_position=&#8221;top_left&#8221; background_repeat=&#8221;repeat&#8221; width=&#8221;%22910%22&#8243; height=&#8221;%22607%22&#8243; custom_margin=&#8221;9px|||||&#8221; custom_padding=&#8221;9px|||||&#8221; header_3_font_size_tablet=&#8221;&#8221; header_3_font_size_phone=&#8221;23px&#8221; header_3_font_size_last_edited=&#8221;on|phone&#8221; z_index_tablet=&#8221;500&#8243; box_shadow_horizontal_tablet=&#8221;0px&#8221; box_shadow_vertical_tablet=&#8221;0px&#8221; box_shadow_blur_tablet=&#8221;40px&#8221; box_shadow_spread_tablet=&#8221;0px&#8221; use_border_color=&#8221;off&#8221; global_colors_info=&#8221;{}&#8221;]<\/p>\n<h3>Saddle analysis<\/h3>\n<div>\n<p><span lang=\"EN-GB\">If the saddle doesn\u2019t provide the right conditions for both horse and rider, you can keep treating the horse endlessly without long-term results.<\/span><\/p>\n<p><span style=\"font-size: 15px;\">And why guess? I can help you analyze your existing saddle in relation to both yourself and your horse, and of course, we\u2019ll also look at what can potentially be adjusted for better conditions for both of you.<\/span><\/p>\n<p><span style=\"font-size: 15px;\"><\/span><\/p>\n<\/div>\n<div>\n<p><span style=\"font-size: 15px;\">At the clinic, we also have a full range of saddles from the <\/span><a href=\"https:\/\/kemnevallcollection.com\/\" style=\"font-size: 15px;\">Kemnevall Collection<\/a><span style=\"font-size: 15px;\">. If you\u2019re curious about them, you can take the opportunity to book a free trial fitting. Kemnevall Collection is a Swedish saddle brand that doesn\u2019t compromise on functionality and comfort for either the rider or the horse. Thoughtfully designed seats that provide the rider with optimal conditions for the pelvis, hips, and knees, and for the horses, we have wide, easily adjustable trees and lovely panels that provide space for lift, expansion, and self-carriage.<\/span><\/p>\n<\/div>\n<p>[\/et_pb_text][\/et_pb_column][et_pb_column type=&#8221;1_3&#8243; _builder_version=&#8221;4.16&#8243; custom_padding=&#8221;|||&#8221; global_colors_info=&#8221;{}&#8221; custom_padding__hover=&#8221;|||&#8221;][et_pb_text content_tablet=&#8221;<\/p>\n<p>Interested in saddle analysis?<\/p>\n<p>&#8221; content_phone=&#8221;<\/p>\n<p>Interested in saddle analysis?<\/p>\n<p>&#8221; content_last_edited=&#8221;on|phone&#8221; _builder_version=&#8221;4.27.4&#8243; text_font=&#8221;PT Sans Narrow||||&#8221; text_font_size=&#8221;24&#8243; background_size=&#8221;initial&#8221; background_position=&#8221;top_left&#8221; background_repeat=&#8221;repeat&#8221; use_border_color=&#8221;off&#8221; border_color=&#8221;#ffffff&#8221; border_style=&#8221;solid&#8221; global_colors_info=&#8221;{}&#8221;]<\/p>\n<p>Interested in saddle analysis?<\/p>\n<p>[\/et_pb_text][et_pb_image src=&#8221;https:\/\/svenskhastrehab.se\/wp-content\/uploads\/2025\/03\/ANALYS1.jpg&#8221; title_text=&#8221;ANALYS1&#8243; _builder_version=&#8221;4.27.4&#8243; _module_preset=&#8221;default&#8221; global_colors_info=&#8221;{}&#8221;][\/et_pb_image][et_pb_button button_url=&#8221;https:\/\/www.bokadirekt.se\/places\/svensk-hastrehab-31129&#8243; button_text=&#8221;BOOK SADDLE ANALYSIS&#8221; _builder_version=&#8221;4.27.4&#8243; _module_preset=&#8221;default&#8221; global_colors_info=&#8221;{}&#8221;][\/et_pb_button][\/et_pb_column][\/et_pb_row][\/et_pb_section]<\/p>\n","protected":false},"excerpt":{"rendered":"<p>Saddle analysis If the saddle doesn\u2019t provide the right conditions for both horse and rider, you can keep treating the horse endlessly without long-term results. And why guess? I can help you analyze your existing saddle in relation to both yourself and your horse, and of course, we\u2019ll also look at what can potentially be [&hellip;]<\/p>\n","protected":false},"author":1,"featured_media":0,"parent":0,"menu_order":0,"comment_status":"closed","ping_status":"closed","template":"","meta":{"_et_pb_use_builder":"on","_et_pb_old_content":"<p><img class=\"alignnone size-full wp-image-3249\" src=\"https:\/\/svenskhastrehab.se\/wp-content\/uploads\/2016\/10\/Equiband-topp.jpg\" alt=\"equiband-topp\" width=\"913\" height=\"321\" \/><\/p><p><em>Equiband\u2122<\/em> \u00e4r ett unikt b\u00e5ltr\u00e4ningssystem utvecklat av tv\u00e5 av v\u00e4rldens mest framst\u00e5ende inom omr\u00e5det h\u00e4stens biomekanik \u2013 <em>Dr Hillary M Clayton<\/em> och <em>Dr Narelle Stubbs<\/em>. Systemet grundar sig i hur man arbetar inom human idrottsmedicin och man har \u00f6verf\u00f6rt dessa rehabiliterande och prestationsf\u00f6rb\u00e4ttrande principer till h\u00e4sten.<\/p><p>Systemet hj\u00e4lper h\u00e4sten att aktivera och st\u00e4rka sina b\u00e5lmuskler vilket g\u00f6r att h\u00e4sten kan b\u00e4ra sig sj\u00e4lv och ryttaren p\u00e5 ett biomekaniskt korrekt s\u00e4tt. Viveca har arbetat med systemet sedan 2012 och varit delaktig i \u00e5tskilliga h\u00e4stars lyckade rehabilitering.<\/p><p>Equiband anv\u00e4nds inte bara f\u00f6r rehabilitering utan passar \u00e4ven utm\u00e4rkt f\u00f6r ungh\u00e4star innan uppsutten tr\u00e4ning, h\u00e4star som \u00e4r sv\u00e5ra att f\u00e5 i form, \u00e4ldre h\u00e4star som b\u00f6rjar bli svaga i ryggen eller h\u00f6gpresterande h\u00e4star som \u00e4nnu inte \u201dhittat\u201d bukmusklerna och\/eller beh\u00f6ver mer bakbensaktivitet.<\/p><p>Equiband kan b\u00e5de hyras och k\u00f6pas, se priser under fliken priser.<\/p>","_et_gb_content_width":"","footnotes":""},"class_list":["post-17010","page","type-page","status-publish","hentry"],"_links":{"self":[{"href":"https:\/\/svenskhastrehab.se\/en\/wp-json\/wp\/v2\/pages\/17010","targetHints":{"allow":["GET"]}}],"collection":[{"href":"https:\/\/svenskhastrehab.se\/en\/wp-json\/wp\/v2\/pages"}],"about":[{"href":"https:\/\/svenskhastrehab.se\/en\/wp-json\/wp\/v2\/types\/page"}],"author":[{"embeddable":true,"href":"https:\/\/svenskhastrehab.se\/en\/wp-json\/wp\/v2\/users\/1"}],"replies":[{"embeddable":true,"href":"https:\/\/svenskhastrehab.se\/en\/wp-json\/wp\/v2\/comments?post=17010"}],"version-history":[{"count":8,"href":"https:\/\/svenskhastrehab.se\/en\/wp-json\/wp\/v2\/pages\/17010\/revisions"}],"predecessor-version":[{"id":18599,"href":"https:\/\/svenskhastrehab.se\/en\/wp-json\/wp\/v2\/pages\/17010\/revisions\/18599"}],"wp:attachment":[{"href":"https:\/\/svenskhastrehab.se\/en\/wp-json\/wp\/v2\/media?parent=17010"}],"curies":[{"name":"wp","href":"https:\/\/api.w.org\/{rel}","templated":true}]}}